{"id":663,"date":"2024-08-14T19:52:11","date_gmt":"2024-08-14T19:52:11","guid":{"rendered":"https:\/\/www.stimulation-magnetique-transcranienne.be\/?page_id=663"},"modified":"2025-03-24T09:18:13","modified_gmt":"2025-03-24T09:18:13","slug":"rtms","status":"publish","type":"page","link":"https:\/\/www.stimulation-magnetique-transcranienne.be\/en\/rtms\/","title":{"rendered":"rTMS"},"content":{"rendered":"<div class=\"wp-block-uagb-container uagb-block-ede7e72a alignfull uagb-is-root-container\"><div class=\"uagb-container__shape uagb-container__shape-bottom uagb-container__shape-above-content uagb-container__invert\" data-negative=\"false\"><svg xmlns=\"https:\/\/www.w3.org\/2000\/svg\" viewbox=\"0 0 937.5 120\" preserveaspectratio=\"none\"><path class=\"uagb-container__shape-fill\" d=\"M937,129.8V-0.1H0v129.9C0,62.6,209.6,8.2,468.4,8.2S936.9,62.6,937,129.8z\"><\/path><\/svg><\/div><div class=\"uagb-container-inner-blocks-wrap\">\n<h1 class=\"wp-block-heading has-text-align-center has-ast-global-color-6-color has-text-color has-link-color wp-elements-b043d88460f6b389aff953192c973405\" style=\"font-size:41px\">Transcranial Magnetic Stimulation<\/h1>\n\n\n\n<div class=\"wp-block-uagb-info-box uagb-block-c710f8d3 uagb-infobox__content-wrap  uagb-infobox-icon-above-title uagb-infobox-image-valign-top wp-block-uagb-info-box--has-margin\"><div class=\"uagb-infobox-margin-wrapper\"><div class=\"uagb-ifb-content\"><div class=\"uagb-ifb-title-wrap\"><h2 class=\"uagb-ifb-title\">rTMS<\/h2><\/div><div class=\"uagb-ifb-button-wrapper wp-block-button\"><a href=\"https:\/\/www.stimulation-magnetique-transcranienne.be\/en\/contact\/\" class=\"uagb-infobox-cta-link wp-block-button__link\" target=\"_self\" rel=\"noopener noreferrer\" onclick=\"return true;\"><svg xmlns=\"https:\/\/www.w3.org\/2000\/svg\" viewbox=\"0 0 448 512\"><path d=\"M160 32V64H288V32C288 14.33 302.3 0 320 0C337.7 0 352 14.33 352 32V64H400C426.5 64 448 85.49 448 112V160H0V112C0 85.49 21.49 64 48 64H96V32C96 14.33 110.3 0 128 0C145.7 0 160 14.33 160 32zM0 192H448V464C448 490.5 426.5 512 400 512H48C21.49 512 0 490.5 0 464V192zM328.1 304.1C338.3 295.6 338.3 280.4 328.1 271C319.6 261.7 304.4 261.7 295 271L200 366.1L152.1 319C143.6 309.7 128.4 309.7 119 319C109.7 328.4 109.7 343.6 119 352.1L183 416.1C192.4 426.3 207.6 426.3 216.1 416.1L328.1 304.1z\"><\/path><\/svg><span class=\"uagb-inline-editing\">Make an appointment<\/span><\/a><\/div><\/div><\/div><\/div>\n<\/div><\/div>\n\n\n\n<div class=\"wp-block-uagb-advanced-heading uagb-block-de61964e\"><h2 class=\"uagb-heading-text\">What is rTMS?<\/h2><\/div>\n\n\n\n<div style=\"height:46px\" aria-hidden=\"true\" class=\"wp-block-spacer\"><\/div>\n\n\n\n<p>Repetitive Transcranial Magnetic Stimulation (rTMS) is a non-invasive technique that uses magnetic pulses to stimulate specific areas of the brain. This method is mainly used to treat disorders such as :<\/p>\n\n\n\n<div class=\"wp-block-uagb-container uagb-block-2d346851 alignfull uagb-is-root-container\"><div class=\"uagb-container-inner-blocks-wrap\">\n<div class=\"wp-block-uagb-container uagb-block-1aa860b0\">\n<ul class=\"wp-block-list\">\n<li><strong>Psychiatric disorders :<\/strong><\/li>\n\n\n\n<li>Treatment-resistant major depression.<\/li>\n\n\n\n<li>Bipolar disorder.<\/li>\n\n\n\n<li>Post-traumatic stress disorder (PTSD).<\/li>\n\n\n\n<li>Obsessive-compulsive disorder (OCD).<\/li>\n\n\n\n<li>Generalised anxiety.<\/li>\n\n\n\n<li><strong>Chronic pain :<\/strong><\/li>\n\n\n\n<li>&nbsp;Neuropathic pain.<\/li>\n\n\n\n<li>&nbsp; Fibromyalgia.<\/li>\n\n\n\n<li><strong>Neurological pathologies :<\/strong><\/li>\n\n\n\n<li>&nbsp;Multiple sclerosis.<\/li>\n\n\n\n<li>Parkinson's disease and other movement disorders, spasticity.<\/li>\n\n\n\n<li>&nbsp;Stroke, post-stroke aphasia.<\/li>\n\n\n\n<li>&nbsp;Tinnitus.<\/li>\n<\/ul>\n<\/div>\n\n\n\n<div class=\"wp-block-uagb-container uagb-block-70268238\">\n<div class=\"wp-block-uagb-image uagb-block-c6385577 wp-block-uagb-image--layout-default wp-block-uagb-image--effect-static wp-block-uagb-image--align-none\"><figure class=\"wp-block-uagb-image__figure\"><img decoding=\"async\" srcset=\"https:\/\/www.stimulation-magnetique-transcranienne.be\/wp-content\/uploads\/2025\/02\/f38fb7f8e8298244642644dc2793b8210f1a3d33-1024x683.jpg ,https:\/\/www.stimulation-magnetique-transcranienne.be\/wp-content\/uploads\/2025\/02\/f38fb7f8e8298244642644dc2793b8210f1a3d33.jpg 780w, https:\/\/www.stimulation-magnetique-transcranienne.be\/wp-content\/uploads\/2025\/02\/f38fb7f8e8298244642644dc2793b8210f1a3d33.jpg 360w\" sizes=\"auto, (max-width: 480px) 150px\" src=\"https:\/\/www.stimulation-magnetique-transcranienne.be\/wp-content\/uploads\/2025\/02\/f38fb7f8e8298244642644dc2793b8210f1a3d33-1024x683.jpg\" alt=\"\" class=\"uag-image-800\" width=\"1100\" height=\"734\" title=\"f38fb7f8e8298244642644dc2793b8210f1a3d33\" loading=\"lazy\" role=\"img\"\/><\/figure><\/div>\n<\/div>\n<\/div><\/div>\n\n\n\n<div style=\"height:46px\" aria-hidden=\"true\" class=\"wp-block-spacer\"><\/div>\n\n\n\n<div class=\"wp-block-uagb-advanced-heading uagb-block-1902396a\"><h2 class=\"uagb-heading-text\"><strong>How does rTMS work?<\/strong><\/h2><\/div>\n\n\n\n<div class=\"wp-block-columns is-layout-flex wp-container-core-columns-is-layout-28f84493 wp-block-columns-is-layout-flex\">\n<div class=\"wp-block-column is-layout-flow wp-block-column-is-layout-flow\">\n<p>rTMS uses a device equipped with an electromagnetic coil. When the coil is placed close to the scalp, it generates magnetic impulses that pass through the skull and stimulate the nerve cells in a targeted area of the brain. This stimulation aims to restore balanced brain function, particularly in areas involved in mood disorders or chronic pain.<\/p>\n<\/div>\n\n\n\n<div class=\"wp-block-column is-layout-flow wp-block-column-is-layout-flow\">\n<div class=\"wp-block-uagb-image uagb-block-62339be7 wp-block-uagb-image--layout-default wp-block-uagb-image--effect-static wp-block-uagb-image--align-none\"><figure class=\"wp-block-uagb-image__figure\"><img decoding=\"async\" srcset=\"https:\/\/www.stimulation-magnetique-transcranienne.be\/wp-content\/uploads\/2025\/02\/0cc9940f1e26f325d071f30e8af6f5ec76063176-1024x683.jpg ,https:\/\/www.stimulation-magnetique-transcranienne.be\/wp-content\/uploads\/2025\/02\/0cc9940f1e26f325d071f30e8af6f5ec76063176.jpg 780w, https:\/\/www.stimulation-magnetique-transcranienne.be\/wp-content\/uploads\/2025\/02\/0cc9940f1e26f325d071f30e8af6f5ec76063176.jpg 360w\" sizes=\"auto, (max-width: 480px) 150px\" src=\"https:\/\/www.stimulation-magnetique-transcranienne.be\/wp-content\/uploads\/2025\/02\/0cc9940f1e26f325d071f30e8af6f5ec76063176-1024x683.jpg\" alt=\"\" class=\"uag-image-806\" width=\"1100\" height=\"734\" title=\"0cc9940f1e26f325d071f30e8af6f5ec76063176\" loading=\"lazy\" role=\"img\"\/><\/figure><\/div>\n<\/div>\n<\/div>\n\n\n\n<div style=\"height:46px\" aria-hidden=\"true\" class=\"wp-block-spacer\"><\/div>\n\n\n\n<div class=\"wp-block-uagb-advanced-heading uagb-block-8e5a5b4e\"><h2 class=\"uagb-heading-text\"><strong><strong>The benefits of rTMS<\/strong><\/strong><\/h2><\/div>\n\n\n\n<div class=\"wp-block-columns is-layout-flex wp-container-core-columns-is-layout-28f84493 wp-block-columns-is-layout-flex\">\n<div class=\"wp-block-column is-layout-flow wp-block-column-is-layout-flow\">\n<p id=\"isPasted\"><strong>1.    Non-invasive<\/strong><\/p>\n\n\n\n<p>No need for anaesthetic or surgery.<\/p>\n\n\n\n<p><strong>2.    Well tolerated<\/strong><\/p>\n\n\n\n<p>Side effects are generally mild and transient (headaches or temporary discomfort).<\/p>\n\n\n\n<p><strong>3.    Targeted treatment<\/strong><\/p>\n\n\n\n<p>Acts directly on the brain areas responsible for symptoms.<\/p>\n\n\n\n<p><strong>4.    Alternative or complementary<\/strong><\/p>\n\n\n\n<p>Effective for patients who do not respond to traditional medicines.<\/p>\n<\/div>\n\n\n\n<div class=\"wp-block-column is-layout-flow wp-block-column-is-layout-flow\">\n<div class=\"wp-block-uagb-image uagb-block-80f52d06 wp-block-uagb-image--layout-default wp-block-uagb-image--effect-static wp-block-uagb-image--align-none\"><figure class=\"wp-block-uagb-image__figure\"><img decoding=\"async\" srcset=\"https:\/\/www.stimulation-magnetique-transcranienne.be\/wp-content\/uploads\/2025\/02\/e886c9d5aaab8309d802da8281cdc8f77729a486-1024x1002.jpg ,https:\/\/www.stimulation-magnetique-transcranienne.be\/wp-content\/uploads\/2025\/02\/e886c9d5aaab8309d802da8281cdc8f77729a486.jpg 780w, https:\/\/www.stimulation-magnetique-transcranienne.be\/wp-content\/uploads\/2025\/02\/e886c9d5aaab8309d802da8281cdc8f77729a486.jpg 360w\" sizes=\"auto, (max-width: 480px) 150px\" src=\"https:\/\/www.stimulation-magnetique-transcranienne.be\/wp-content\/uploads\/2025\/02\/e886c9d5aaab8309d802da8281cdc8f77729a486-1024x1002.jpg\" alt=\"\" class=\"uag-image-810\" width=\"1100\" height=\"734\" title=\"e886c9d5aaab8309d802da8281cdc8f77729a486\" loading=\"lazy\" role=\"img\"\/><\/figure><\/div>\n<\/div>\n<\/div>\n\n\n\n<div id=\"about\" class=\"wp-block-uagb-container uagb-block-5f08c9e2 alignfull uagb-is-root-container\"><div class=\"uagb-container-inner-blocks-wrap\">\n<div class=\"wp-block-uagb-container uagb-block-0aa95e83\">\n<div class=\"wp-block-uagb-info-box uagb-block-9760b8d9 uagb-infobox__content-wrap  uagb-infobox-icon-left uagb-infobox-left uagb-infobox-image-valign-top\"><div class=\"uagb-ifb-icon-wrap\"><div class=\"uagb-iconbox-icon-wrap uagb-infobox-shape-circle\"><svg xmlns=\"https:\/\/www.w3.org\/2000\/svg\" viewbox=\"0 0 576 512\"><path d=\"M511.8 287.6L512.5 447.7C512.6 483.2 483.9 512 448.5 512H128.1C92.75 512 64.09 483.3 64.09 448V287.6H32.05C14.02 287.6 0 273.5 0 255.5C0 246.5 3.004 238.5 10.01 231.5L266.4 8.016C273.4 1.002 281.4 0 288.4 0C295.4 0 303.4 2.004 309.5 7.014L416 100.7V64C416 46.33 430.3 32 448 32H480C497.7 32 512 46.33 512 64V185L564.8 231.5C572.8 238.5 576.9 246.5 575.8 255.5C575.8 273.5 560.8 287.6 543.8 287.6L511.8 287.6zM400 248C400 239.2 392.8 232 384 232H328V176C328 167.2 320.8 160 312 160H264C255.2 160 248 167.2 248 176V232H192C183.2 232 176 239.2 176 248V296C176 304.8 183.2 312 192 312H248V368C248 376.8 255.2 384 264 384H312C320.8 384 328 376.8 328 368V312H384C392.8 312 400 304.8 400 296V248z\"><\/path><\/svg><\/div><\/div><div class=\"uagb-ifb-content\"><div class=\"uagb-ifb-title-wrap\"><h5 class=\"uagb-ifb-title\"><strong>rTMS in the field of chronic pain and neurological diseases<\/strong><\/h5><\/div><p class=\"uagb-ifb-desc\">rTMS is a safe, non-invasive technique that has been shown to be effective in a variety of neurological and psychiatric disorders. It involves the application of magnetic fields to stimulate specific regions of the brain associated with these conditions, thereby regulating the disturbed neuronal circuits.<br><br>rTMS has been shown to reduce pain intensity and improve physical function, providing lasting relief without dependence on medication. It is increasingly used to treat chronic pain, particularly when conventional treatments, such as medication, do not provide sufficient relief.<strong>\u200b<\/strong><br>In the case of neurological diseases such as Parkinson's, stroke or migraine, studies have shown that rTMS can help reduce symptoms and improve patients' quality of life.<br>\u200b<br><mark style=\"background-color:rgba(0, 0, 0, 0);color:#ab0b14\" class=\"has-inline-color\">What is the principle of rTMS for Chronic Pain?<br><\/mark>Chronic pain is often associated with alterations in neuronal activity in certain regions of the brain. rTMS aims to normalise this activity by stimulating specific areas of the cerebral cortex, in particular the motor cortex and the dorsolateral prefrontal cortex. Repeated stimulation of these areas produces an analgesic effect, reducing the perception of pain. This occurs via changes in synaptic plasticity and the regulation of neuronal pain pathways.<br>rTMS also influences the release of neurotransmitters such as endorphins, which are the brain's natural analgesics. It can modify the plasticity of the neuronal circuits involved in pain, thereby reducing the sensation of pain over the long term.<br><br><mark style=\"background-color:rgba(0, 0, 0, 0);color:#ab0b14\" class=\"has-inline-color\">Some specific applications<br><\/mark>Fibromyalgia: rTMS has shown promising results in reducing the pain associated with fibromyalgia, a syndrome characterised by widespread pain and hypersensitivity.<br>Neuropathic pain: This pain, caused by nerve damage, responds well to rTMS. Patients experience a reduction in pain after just a few sessions.<br>Post-stroke pain: After a stroke, some patients develop chronic pain that is difficult to treat. rTMS can help relieve this pain by modulating the affected brain circuits.<br>\u200b<br><mark style=\"background-color:rgba(0, 0, 0, 0);color:#ab0b14\" class=\"has-inline-color\">In conclusion:<br><\/mark>rTMS represents an innovative therapeutic option for patients suffering from chronic pain that is resistant to conventional treatments. By modulating brain activity, it offers relief where other methods fail, and is becoming a valuable adjunct to chronic pain management.<\/p><\/div><\/div>\n\n\n\n<div class=\"wp-block-uagb-buttons uagb-buttons__outer-wrap uagb-btn__large-btn uagb-btn-tablet__default-btn uagb-btn-mobile__default-btn uagb-block-0861af4c\"><div class=\"uagb-buttons__wrap uagb-buttons-layout-wrap\">\n<div class=\"wp-block-uagb-buttons-child uagb-buttons__outer-wrap uagb-block-a203bec6 wp-block-button\"><div class=\"uagb-button__wrapper\"><a class=\"uagb-buttons-repeater wp-block-button__link\" aria-label=\"\" href=\"https:\/\/progenda.be\/calendars\/docteur-jorquera-vasquez-sebastian-algologue-waterloo\" rel=\"follow noopener\" target=\"_self\" role=\"button\"><div class=\"uagb-button__link\">Make an appointment with Dr Jorquera - Algologist<\/div><\/a><\/div><\/div>\n<\/div><\/div>\n\n\n\n<div style=\"height:50px\" aria-hidden=\"true\" class=\"wp-block-spacer\"><\/div>\n\n\n\n<div class=\"wp-block-uagb-info-box uagb-block-34655af1 uagb-infobox__content-wrap  uagb-infobox-icon-left uagb-infobox-left uagb-infobox-image-valign-top\"><div class=\"uagb-ifb-icon-wrap\"><div class=\"uagb-iconbox-icon-wrap uagb-infobox-shape-circle\"><svg xmlns=\"https:\/\/www.w3.org\/2000\/svg\" viewbox=\"0 0 576 512\"><path d=\"M511.8 287.6L512.5 447.7C512.6 483.2 483.9 512 448.5 512H128.1C92.75 512 64.09 483.3 64.09 448V287.6H32.05C14.02 287.6 0 273.5 0 255.5C0 246.5 3.004 238.5 10.01 231.5L266.4 8.016C273.4 1.002 281.4 0 288.4 0C295.4 0 303.4 2.004 309.5 7.014L416 100.7V64C416 46.33 430.3 32 448 32H480C497.7 32 512 46.33 512 64V185L564.8 231.5C572.8 238.5 576.9 246.5 575.8 255.5C575.8 273.5 560.8 287.6 543.8 287.6L511.8 287.6zM400 248C400 239.2 392.8 232 384 232H328V176C328 167.2 320.8 160 312 160H264C255.2 160 248 167.2 248 176V232H192C183.2 232 176 239.2 176 248V296C176 304.8 183.2 312 192 312H248V368C248 376.8 255.2 384 264 384H312C320.8 384 328 376.8 328 368V312H384C392.8 312 400 304.8 400 296V248z\"><\/path><\/svg><\/div><\/div><div class=\"uagb-ifb-content\"><div class=\"uagb-ifb-title-wrap\"><h5 class=\"uagb-ifb-title\"><strong>rTMS in the field of depression<\/strong><\/h5><\/div><p class=\"uagb-ifb-desc\">Repetitive transcranial magnetic stimulation (rTMS) is a non-invasive technique that has emerged as a promising treatment for psychiatric illnesses, particularly for disorders resistant to traditional pharmacological treatments.<br>It offers an effective alternative with fewer side effects and a significant improvement in quality of life.<br>\u200b<br><mark style=\"background-color:rgba(0, 0, 0, 0);color:#ab0b14\" class=\"has-inline-color\">What is the principle of rTMS in psychiatry?<br><\/mark>rTMS works by modifying neuronal activity in specific regions of the brain that are often dysfunctional in various psychiatric illnesses. It uses magnetic pulses to stimulate or inhibit the activity of these regions, depending on the frequency and intensity of the pulses.<br>In psychiatry, rTMS mainly targets brain regions such as the dorsolateral prefrontal cortex (DLPFC), which is involved in regulating mood, anxiety and cognitive functions.<br><br><mark style=\"background-color:rgba(0, 0, 0, 0);color:#ab0b14\" class=\"has-inline-color\">Some specific applications<br><\/mark>\u2013 <strong>Major depression<\/strong> rTMS is mainly used to treat major depression that is resistant to antidepressants. It has been approved by numerous health authorities, including the FDA in the United States.<br>By stimulating the CPFDL, rTMS restores normal activity in this region, which is often hypoactive in depressed patients, leading to a significant improvement in mood.<br>\u2013 <strong>Obsessive-Compulsive Disorder (OCD)<\/strong> For OCD, rTMS often targets the dorsomedial prefrontal cortex, a region involved in the control of repetitive behaviours and obsessive thoughts.<br>\u2013 <strong>Bipolar disorder<\/strong> rTMS can be used in bipolar patients, mainly to treat depressive episodes.<br>\u2013 <strong>Schizophrenia<\/strong> In patients with schizophrenia, rTMS has been used to reduce auditory hallucinations. It generally targets the left temporal cortex, an area that is often overactive in these patients.<\/p><\/div><\/div>\n\n\n\n<div class=\"wp-block-uagb-buttons uagb-buttons__outer-wrap uagb-btn__large-btn uagb-btn-tablet__default-btn uagb-btn-mobile__default-btn uagb-block-b41ff38e\"><div class=\"uagb-buttons__wrap uagb-buttons-layout-wrap\">\n<div class=\"wp-block-uagb-buttons-child uagb-buttons__outer-wrap uagb-block-aa790a37 wp-block-button\"><div class=\"uagb-button__wrapper\"><a class=\"uagb-buttons-repeater wp-block-button__link\" aria-label=\"\" href=\"https:\/\/www.stimulation-magnetique-transcranienne.be\/en\/contact\/\" rel=\"follow noopener\" target=\"_self\" role=\"button\"><div class=\"uagb-button__link\">Make an appointment<\/div><\/a><\/div><\/div>\n<\/div><\/div>\n\n\n\n<div style=\"height:50px\" aria-hidden=\"true\" class=\"wp-block-spacer\"><\/div>\n\n\n\n<div class=\"wp-block-uagb-info-box uagb-block-3576f1c3 uagb-infobox__content-wrap  uagb-infobox-icon-left uagb-infobox-left uagb-infobox-image-valign-top\"><div class=\"uagb-ifb-icon-wrap\"><div class=\"uagb-iconbox-icon-wrap uagb-infobox-shape-circle\"><svg xmlns=\"https:\/\/www.w3.org\/2000\/svg\" viewbox=\"0 0 576 512\"><path d=\"M511.8 287.6L512.5 447.7C512.6 483.2 483.9 512 448.5 512H128.1C92.75 512 64.09 483.3 64.09 448V287.6H32.05C14.02 287.6 0 273.5 0 255.5C0 246.5 3.004 238.5 10.01 231.5L266.4 8.016C273.4 1.002 281.4 0 288.4 0C295.4 0 303.4 2.004 309.5 7.014L416 100.7V64C416 46.33 430.3 32 448 32H480C497.7 32 512 46.33 512 64V185L564.8 231.5C572.8 238.5 576.9 246.5 575.8 255.5C575.8 273.5 560.8 287.6 543.8 287.6L511.8 287.6zM400 248C400 239.2 392.8 232 384 232H328V176C328 167.2 320.8 160 312 160H264C255.2 160 248 167.2 248 176V232H192C183.2 232 176 239.2 176 248V296C176 304.8 183.2 312 192 312H248V368C248 376.8 255.2 384 264 384H312C320.8 384 328 376.8 328 368V312H384C392.8 312 400 304.8 400 296V248z\"><\/path><\/svg><\/div><\/div><div class=\"uagb-ifb-content\"><div class=\"uagb-ifb-title-wrap\"><h5 class=\"uagb-ifb-title\"><strong>In practice, how does an rTMS session work?<\/strong><\/h5><\/div><p class=\"uagb-ifb-desc\">A typical rTMS treatment involves several sessions, often daily, over several weeks. The sessions are spaced out over the weeks depending on the patient's response to the treatment.<br>&nbsp;<br>Sessions generally last 45 to 60 minutes. The patient is looked after by the Algologist or Neurologist and the Physical Physician.<br>&nbsp;<br>For chronic pain and neuropathic diseases, the following sessions are combined with a revalidation session carried out by an occupational therapist.<br>\u200b<br>Sessions for psychiatric disorders last around 30 minutes.<br><br>rTMS is generally well tolerated. Side effects are very limited, such as headaches, a feeling of fatigue or discomfort at the stimulation site.<br>\u200b<br>This technique offers significant advantages, but results may vary depending on the individual characteristics of the patient.<\/p><\/div><\/div>\n\n\n\n<blockquote class=\"wp-block-quote is-layout-flow wp-block-quote-is-layout-flow\">\n<p class=\"has-text-align-center has-medium-font-size\"><em>\"rTMS represents a significant advance in non-invasive treatments for various neurological disorders, chronic pain and psychiatric disorders. It offers a promising alternative for patients who do not respond to traditional treatments\".<\/em><\/p>\n<\/blockquote>\n\n\n\n<div class=\"wp-block-uagb-buttons uagb-buttons__outer-wrap uagb-btn__large-btn uagb-btn-tablet__default-btn uagb-btn-mobile__default-btn uagb-block-880473f8\"><div class=\"uagb-buttons__wrap uagb-buttons-layout-wrap\">\n<div class=\"wp-block-uagb-buttons-child uagb-buttons__outer-wrap uagb-block-99b3954d wp-block-button\"><div class=\"uagb-button__wrapper\"><a class=\"uagb-buttons-repeater wp-block-button__link\" aria-label=\"\" href=\"tel:+32479034863\" rel=\"follow noopener\" target=\"_self\" role=\"button\"><div class=\"uagb-button__link\">Telephone contact<\/div><\/a><\/div><\/div>\n\n\n\n<div class=\"wp-block-uagb-buttons-child uagb-buttons__outer-wrap uagb-block-ec1e5467 wp-block-button\"><div class=\"uagb-button__wrapper\"><a class=\"uagb-buttons-repeater wp-block-button__link\" aria-label=\"\" href=\"mailto:centremedicalwellcare@gmail.com\" rel=\"follow noopener\" target=\"_self\" role=\"button\"><div class=\"uagb-button__link\">Email to the Centre<\/div><\/a><\/div><\/div>\n<\/div><\/div>\n<\/div>\n<\/div><\/div>","protected":false},"excerpt":{"rendered":"<p>Transcranial Magnetic Stimulation What is rTMS? Repetitive Transcranial Magnetic Stimulation (rTMS) is a non-invasive technique that uses magnetic pulses to stimulate specific areas of the brain. This method is mainly used to treat disorders such as: How does rTMS work? rTMS uses a device equipped with a magnetic pulse to stimulate the [...].<\/p>","protected":false},"author":1,"featured_media":0,"parent":0,"menu_order":0,"comment_status":"closed","ping_status":"closed","template":"","meta":{"_seopress_robots_primary_cat":"","_seopress_titles_title":"rTMS : Traitement des Douleurs Chroniques et Neurologiques","_seopress_titles_desc":"D\u00e9couvrez la rTMS, traitement innovant pour les douleurs chroniques, les maladies neurologiques et la d\u00e9pression. Rendez-vous au Centre Wellcare.","_seopress_robots_index":"","_uag_custom_page_level_css":"","site-sidebar-layout":"default","site-content-layout":"","ast-site-content-layout":"default","site-content-style":"default","site-sidebar-style":"default","ast-global-header-display":"","ast-banner-title-visibility":"","ast-main-header-display":"","ast-hfb-above-header-display":"","ast-hfb-below-header-display":"","ast-hfb-mobile-header-display":"","site-post-title":"disabled","ast-breadcrumbs-content":"","ast-featured-img":"","footer-sml-layout":"","ast-disable-related-posts":"","theme-transparent-header-meta":"","adv-header-id-meta":"","stick-header-meta":"","header-above-stick-meta":"","header-main-stick-meta":"","header-below-stick-meta":"","astra-migrate-meta-layouts":"set","ast-page-background-enabled":"default","ast-page-background-meta":{"desktop":{"background-color":"var(--ast-global-color-4)","background-image":"","background-repeat":"repeat","background-position":"center center","background-size":"auto","background-attachment":"scroll","background-type":"","background-media":"","overlay-type":"","overlay-color":"","overlay-opacity":"","overlay-gradient":""},"tablet":{"background-color":"","background-image":"","background-repeat":"repeat","background-position":"center center","background-size":"auto","background-attachment":"scroll","background-type":"","background-media":"","overlay-type":"","overlay-color":"","overlay-opacity":"","overlay-gradient":""},"mobile":{"background-color":"","background-image":"","background-repeat":"repeat","background-position":"center center","background-size":"auto","background-attachment":"scroll","background-type":"","background-media":"","overlay-type":"","overlay-color":"","overlay-opacity":"","overlay-gradient":""}},"ast-content-background-meta":{"desktop":{"background-color":"var(--ast-global-color-5)","background-image":"","background-repeat":"repeat","background-position":"center center","background-size":"auto","background-attachment":"scroll","background-type":"","background-media":"","overlay-type":"","overlay-color":"","overlay-opacity":"","overlay-gradient":""},"tablet":{"background-color":"var(--ast-global-color-5)","background-image":"","background-repeat":"repeat","background-position":"center center","background-size":"auto","background-attachment":"scroll","background-type":"","background-media":"","overlay-type":"","overlay-color":"","overlay-opacity":"","overlay-gradient":""},"mobile":{"background-color":"var(--ast-global-color-5)","background-image":"","background-repeat":"repeat","background-position":"center center","background-size":"auto","background-attachment":"scroll","background-type":"","background-media":"","overlay-type":"","overlay-color":"","overlay-opacity":"","overlay-gradient":""}},"footnotes":""},"class_list":["post-663","page","type-page","status-publish","hentry"],"uagb_featured_image_src":{"full":false,"thumbnail":false,"medium":false,"medium_large":false,"large":false,"1536x1536":false,"2048x2048":false,"trp-custom-language-flag":false},"uagb_author_info":{"display_name":"benspy","author_link":"https:\/\/www.stimulation-magnetique-transcranienne.be\/en\/author\/benspy\/"},"uagb_comment_info":0,"uagb_excerpt":"Stimulation Magn\u00e9tique Transcr\u00e2nienne Qu&rsquo;est ce que le rTMS? La stimulation magn\u00e9tique transcr\u00e2nienne r\u00e9p\u00e9titive (rTMS) est une technique non invasive qui utilise des impulsions magn\u00e9tiques pour stimuler les zones sp\u00e9cifiques du cerveau. Cette m\u00e9thode est principalement utilis\u00e9e pour traiter des troubles tels que : Comment fonctionne le rTMS ? Le rTMS utilise un appareil \u00e9quip\u00e9 d\u2019une&hellip;","_links":{"self":[{"href":"https:\/\/www.stimulation-magnetique-transcranienne.be\/en\/wp-json\/wp\/v2\/pages\/663","targetHints":{"allow":["GET"]}}],"collection":[{"href":"https:\/\/www.stimulation-magnetique-transcranienne.be\/en\/wp-json\/wp\/v2\/pages"}],"about":[{"href":"https:\/\/www.stimulation-magnetique-transcranienne.be\/en\/wp-json\/wp\/v2\/types\/page"}],"author":[{"embeddable":true,"href":"https:\/\/www.stimulation-magnetique-transcranienne.be\/en\/wp-json\/wp\/v2\/users\/1"}],"replies":[{"embeddable":true,"href":"https:\/\/www.stimulation-magnetique-transcranienne.be\/en\/wp-json\/wp\/v2\/comments?post=663"}],"version-history":[{"count":16,"href":"https:\/\/www.stimulation-magnetique-transcranienne.be\/en\/wp-json\/wp\/v2\/pages\/663\/revisions"}],"predecessor-version":[{"id":831,"href":"https:\/\/www.stimulation-magnetique-transcranienne.be\/en\/wp-json\/wp\/v2\/pages\/663\/revisions\/831"}],"wp:attachment":[{"href":"https:\/\/www.stimulation-magnetique-transcranienne.be\/en\/wp-json\/wp\/v2\/media?parent=663"}],"curies":[{"name":"wp","href":"https:\/\/api.w.org\/{rel}","templated":true}]}}